{"id":26,"date":"2021-01-31T19:28:16","date_gmt":"2021-01-31T17:28:16","guid":{"rendered":"https:\/\/phr-tuotteet.com\/?page_id=26"},"modified":"2024-04-07T20:49:15","modified_gmt":"2024-04-07T17:49:15","slug":"ovet","status":"publish","type":"page","link":"https:\/\/phr-tuotteet.com\/index.php\/ovet\/","title":{"rendered":"Ovet"},"content":{"rendered":"\n<div class=\"wp-block-cover aligncenter is-light has-text-color has-link-color wp-elements-518f945569c7ae5834bab95ce07f6152\" style=\"color:#3fbfbf\"><span aria-hidden=\"true\" class=\"wp-block-cover__background has-background-dim-20 has-background-dim\" style=\"background-color:#8e9ba1\"><\/span><img loading=\"lazy\" decoding=\"async\" width=\"1990\" height=\"2560\" class=\"wp-block-cover__image-background wp-image-605\" alt=\"\" src=\"https:\/\/phr-tuotteet.com\/wp-content\/uploads\/2024\/04\/IMG_20230512_195027-scaled.jpg\" style=\"object-position:50% 50%\" data-object-fit=\"cover\" data-object-position=\"50% 50%\" srcset=\"https:\/\/phr-tuotteet.com\/wp-content\/uploads\/2024\/04\/IMG_20230512_195027-scaled.jpg 1990w, https:\/\/phr-tuotteet.com\/wp-content\/uploads\/2024\/04\/IMG_20230512_195027-233x300.jpg 233w, https:\/\/phr-tuotteet.com\/wp-content\/uploads\/2024\/04\/IMG_20230512_195027-796x1024.jpg 796w, https:\/\/phr-tuotteet.com\/wp-content\/uploads\/2024\/04\/IMG_20230512_195027-768x988.jpg 768w, https:\/\/phr-tuotteet.com\/wp-content\/uploads\/2024\/04\/IMG_20230512_195027-1194x1536.jpg 1194w, https:\/\/phr-tuotteet.com\/wp-content\/uploads\/2024\/04\/IMG_20230512_195027-1592x2048.jpg 1592w\" sizes=\"auto, (max-width: 1990px) 100vw, 1990px\" \/><div class=\"wp-block-cover__inner-container is-layout-flow wp-block-cover-is-layout-flow\">\n<p class=\"has-text-align-center\" style=\"font-size:60px\"><strong>Ovet<\/strong><\/p>\n<\/div><\/div>\n\n\n\n<h2 class=\"wp-block-heading\"><strong><span style=\"text-decoration: underline;\">Ulko-ovet<\/span><\/strong><\/h2>\n\n\n\n<p>Puuovien materiaalina k\u00e4ytet\u00e4\u00e4n valikoitua hyv\u00e4laatuista m\u00e4nty\u00e4. Saatavana my\u00f6s tammipintaiset puuovet. <br>Yksil\u00f6llisyytt\u00e4 oviin saat erilaisilla paneelauksilla, peilirakenteilla ja lasiaukoilla. <br>Irtoristikot ja s\u00e4lekaihtimet tuovat lasiaukolliseen oveen lis\u00e4\u00e4 ulkon\u00e4k\u00f6\u00e4. Hy\u00f6nteissuojaovet p\u00e4\u00e4st\u00e4v\u00e4t kes\u00e4n sis\u00e4lle, mutta pit\u00e4v\u00e4t p\u00f6rri\u00e4iset pihalla. Erilaiset pintak\u00e4sittelyvaihtoehdot antavat monia mahdollisuuksia kotisi k\u00e4yntikortin kaunistamiseen.&nbsp;<br>Valikoimastamme l\u00f6ytyv\u00e4t monipuoliset parvekeovet, ulko-ovet ja palo-ovet. Kaikki ovet valmistetaan asennuskohteen ja asiakkaan toiveiden mukaisesti.<\/p>\n\n\n\n<div class=\"wp-block-group alignwide\"><div class=\"wp-block-group__inner-container is-layout-flow wp-block-group-is-layout-flow\">\n<div class=\"wp-block-media-text alignwide has-media-on-the-right is-stacked-on-mobile is-image-fill\" style=\"grid-template-columns:auto 41%\"><div class=\"wp-block-media-text__content\">\n<p><strong>Puu-ulko-ovet<\/strong><br>Kevytrakenteiset ulko-ovet<br>&nbsp; &nbsp;&nbsp;* 1 tiiviste, tasolasi tai 2-kertainen l\u00e4mp\u00f6lasi.<br>Paksurakenteiset l\u00e4mp\u00f6ovet<br>&nbsp;&nbsp;&nbsp; * 2 tiivistett\u00e4, 2- tai 3-kertainen l\u00e4mp\u00f6lasi.<br>Pintak\u00e4sittely puu-ulko-oviin<br>&nbsp;&nbsp;&nbsp;&nbsp;* SK &#8211; Suojak\u00e4sitelty<br>&nbsp;&nbsp;&nbsp;&nbsp;* KK &#8211; Kuultok\u00e4sittely v\u00e4rikartan v\u00e4riin. My\u00f6s 2-v\u00e4rinen kuultok\u00e4sittely mahdollinen.<br>&nbsp;&nbsp;&nbsp;&nbsp;* MA &#8211; Maalaus valkoinen tai v\u00e4rikartan v\u00e4riin. My\u00f6s 2-v\u00e4rimaalaus mahdollinen.<\/p>\n<\/div><figure class=\"wp-block-media-text__media\" style=\"background-image:url(https:\/\/phr-tuotteet.com\/wp-content\/uploads\/2021\/02\/hpim3224_2-1-e1612628793401.jpg);background-position:50% 50%\"><a href=\"https:\/\/phr-tuotteet.com\/index.php\/galleria\/#ovet\"><img loading=\"lazy\" decoding=\"async\" width=\"297\" height=\"276\" src=\"https:\/\/phr-tuotteet.com\/wp-content\/uploads\/2021\/02\/hpim3224_2-1-e1612628793401.jpg\" alt=\"\" class=\"wp-image-463 size-medium\"\/><\/a><\/figure><\/div>\n\n\n\n<p class=\"has-text-align-right\" style=\"font-size:14px\"><a href=\"https:\/\/phr-tuotteet.com\/index.php\/galleria\/#ovet\"><em>(Kuvaa klikkaamalla lis\u00e4\u00e4 malleja.)<\/em><\/a><\/p>\n<\/div><\/div>\n\n\n\n<div class=\"wp-block-group alignwide\"><div class=\"wp-block-group__inner-container is-layout-flow wp-block-group-is-layout-flow\">\n<div class=\"wp-block-media-text alignwide is-stacked-on-mobile is-image-fill\"><figure class=\"wp-block-media-text__media\" style=\"background-image:url(https:\/\/phr-tuotteet.com\/wp-content\/uploads\/2021\/02\/img-20200214-100631-burst001-cover-1-e1612628731820.jpg);background-position:50% 50%\"><a href=\"https:\/\/phr-tuotteet.com\/index.php\/galleria\/#ovet\"><img loading=\"lazy\" decoding=\"async\" width=\"361\" height=\"312\" src=\"https:\/\/phr-tuotteet.com\/wp-content\/uploads\/2021\/02\/img-20200214-100631-burst001-cover-1-e1612628731820.jpg\" alt=\"\" class=\"wp-image-464 size-full\" srcset=\"https:\/\/phr-tuotteet.com\/wp-content\/uploads\/2021\/02\/img-20200214-100631-burst001-cover-1-e1612628731820.jpg 361w, https:\/\/phr-tuotteet.com\/wp-content\/uploads\/2021\/02\/img-20200214-100631-burst001-cover-1-e1612628731820-300x259.jpg 300w\" sizes=\"auto, (max-width: 361px) 100vw, 361px\" \/><\/a><\/figure><div class=\"wp-block-media-text__content\">\n<p><strong>Alumiinij\u00e4ykisteiset l\u00e4mp\u00f6ovet<\/strong><br>&nbsp;&nbsp;&nbsp;&nbsp;* Oven ulko- ja sis\u00e4puolella on HDF-verhous ja ulkopuoli on mallikohtaisesti uritettu.<br>&nbsp;&nbsp;&nbsp;&nbsp;* Oven karmit ovat m\u00e4nty\u00e4 ja vakiokarmisyvyydet ovat 115, 130, 170 ja 210 mm.<br>&nbsp;&nbsp;&nbsp;&nbsp;* Kynnys on koivua tai tammea ja se on lakattu.&nbsp;<br>&nbsp;&nbsp;&nbsp;&nbsp;* Puuosissa on teollinen peittomaalaus, vakiov\u00e4rin\u00e4 valkoinen NCS S 0502-Y. Muut v\u00e4rit RR- tai RAL-v\u00e4rikartan mukaan.<br>&nbsp;&nbsp;&nbsp;&nbsp;* Ovessa on 2K- tai 3K eristyslasi. Lasityypit tilauskohtaisesti.<br>&nbsp;&nbsp;&nbsp;&nbsp;* Ovessa on kaksinkertainen silikonitiivistys.<br>&nbsp;&nbsp;&nbsp;&nbsp;* Ovessa on s\u00e4\u00e4dett\u00e4v\u00e4t murtosuojasaranat, lukkorunko sek\u00e4 s\u00e4\u00e4dett\u00e4v\u00e4 lukon vastarauta.<\/p>\n<\/div><\/div>\n\n\n\n<p style=\"font-size:14px\"><a href=\"https:\/\/phr-tuotteet.com\/index.php\/galleria\/#ovet\"><em>(Kuvaa klikkaamalla lis\u00e4\u00e4 malleja.)<\/em><\/a><\/p>\n<\/div><\/div>\n\n\n\n<p><strong>Parvekeovet<\/strong><br>1.&nbsp;<strong>Ulosaukeava 1-lehtinen<\/strong><br>&nbsp; &nbsp;&nbsp;* Ovilehti on alumiinij\u00e4ykistetty l\u00e4mp\u00f6ovi.<br>&nbsp; &nbsp;&nbsp;* Oven sis\u00e4puolella on&nbsp;HDF-verhous ja&nbsp;ulkopuolella on HDF-verhous tai se on alumiiniverhottu.<br>&nbsp; &nbsp;&nbsp;* Kolminkertainen, selektiivinen eristyslasielementti. T\u00e4ytekaasuna Argon.<br>&nbsp; &nbsp;&nbsp;* S\u00e4\u00e4dett\u00e4v\u00e4t saranat ja&nbsp;pitk\u00e4suljin&nbsp;+ painikeporaus sis\u00e4puolella tai Abloy LC-102 lukkorunko.<br>2.&nbsp;<strong>Sis\u00e4\u00e4n-ulos-aukeava 2-lehtinen<\/strong><br>&nbsp; &nbsp;&nbsp;* Ulompi ovilehti on alumiinia, umpiosien pinta on sile\u00e4.<br>&nbsp; &nbsp;&nbsp;* Sis\u00e4ovilehti on alumiinij\u00e4ykistetty, HDF-verhottu l\u00e4mp\u00f6ovi.<br>&nbsp; &nbsp;&nbsp;* Sis\u00e4ovilehdess\u00e4 on kaksinkertainen selektiivinen eristyslasi. T\u00e4ytekaasuna Argon.<br>&nbsp; &nbsp;&nbsp;* Ulko-ovilehdess\u00e4 tasolasi.<br>&nbsp; &nbsp;&nbsp;* Sis\u00e4ovilehdess\u00e4 on pulttisaranat ja ulko-ovilehdess\u00e4 s\u00e4\u00e4dett\u00e4v\u00e4t saranat. Molemmissa on pitk\u00e4sulkimet.<br>&nbsp; &nbsp;&nbsp;* Sis\u00e4ovilehdess\u00e4 painikeporaukset ovat sis\u00e4puolella ja ulko-ovilehdess\u00e4 ulkopuolella.<br>3.&nbsp;<strong>Ulos-ulos-aukeava, 2-lehtinen kytketty puu-alumiiniovi<\/strong><br>&nbsp; &nbsp;&nbsp;*&nbsp;&nbsp;Ulompi ovilehti on alumiinia, umpiosien pinta on sile\u00e4.<br>&nbsp; &nbsp;&nbsp;* Sis\u00e4ovilehti on alumiinij\u00e4ykistetty, HDF-verhottu l\u00e4mp\u00f6ovi.&nbsp;<br>&nbsp; &nbsp;&nbsp;* Sis\u00e4ovilehdess\u00e4 on kaksinkertainen selektiivinen eristyslasi. T\u00e4ytekaasuna Argon.<br>&nbsp; &nbsp;&nbsp;* Ulko-ovilehdess\u00e4 tasolasi.<br>&nbsp; &nbsp;&nbsp;* Sis\u00e4ovilehdess\u00e4 on pulttisaranat ja ulko-ovessa s\u00e4\u00e4dett\u00e4v\u00e4t saranat.<br>&nbsp;&nbsp;&nbsp;&nbsp;&nbsp; &nbsp;&nbsp;* Sis\u00e4ovilehdess\u00e4 on pitk\u00e4suljin sek\u00e4 aukipitolaite. Ovilehdet on kytketty toisiinsa v\u00e4lisulkimella.<br><br>&nbsp;&nbsp; &#8211; Kaikkien parvekeovien karmit ovat m\u00e4nty\u00e4 ja 2-lehtisiss\u00e4 ne on verhoiltu alumiinilla.<br>&nbsp;&nbsp; &#8211; Vakiokarmisyvyydet ovat 130, 170 ja 210 mm.<br>&nbsp;&nbsp; &#8211; Puuosissa teollinen peittomaalaus, vakiov\u00e4ri NCS S 0502-Y valkoinen. Muut v\u00e4rit RR- tai RAL-v\u00e4rikartan&nbsp;mukaan.<br>&nbsp;&nbsp; &#8211; Alumiiniosat polttomaalattuja&nbsp;RR- tai RAL-v\u00e4rikartan s\u00e4vyyn.<br>&nbsp;&nbsp; &#8211; Kaikissa sis\u00e4ovissa on kaksinkertainen silikonitiivistys ja ulko-ovissa yksinkertainen tiivistys.<\/p>\n\n\n\n<div class=\"wp-block-buttons is-content-justification-center is-layout-flex wp-container-core-buttons-is-layout-16018d1d wp-block-buttons-is-layout-flex\">\n<div class=\"wp-block-button\"><a class=\"wp-block-button__link has-background wp-element-button\" href=\"https:\/\/www.pihlapro.fi\/tuotteet\/ovet\/\" style=\"background-color:#3fbfbf\" target=\"_blank\" rel=\"noreferrer noopener\">Pihla Pro<\/a><\/div>\n\n\n\n<div class=\"wp-block-button\"><a class=\"wp-block-button__link has-background wp-element-button\" href=\"https:\/\/lahdenovi.fi\/\" style=\"background-color:#3fbfbf\" target=\"_blank\" rel=\"noreferrer noopener\">Lahden ovi<\/a><\/div>\n<\/div>\n\n\n\n<hr class=\"wp-block-separator has-text-color has-css-opacity has-background is-style-wide\" style=\"background-color:#3fbfbf;color:#3fbfbf\"\/>\n\n\n\n<h2 class=\"wp-block-heading\"><strong><span style=\"text-decoration: underline;\">V\u00e4liovet<\/span><\/strong><\/h2>\n\n\n\n<p>Toimitamme asiakkaillemme erilaisia v\u00e4liovia asiakkaiden tarpeiden mukaan. Laakaovet voivat olla huullettuja tai suorareunaisia kynnyksell\u00e4, tuuletuskynnyksell\u00e4 tai kokonaan ilman kynnyst\u00e4. V\u00e4liovet on my\u00f6s mahdollista valmistaa \u00e4\u00e4nt\u00e4 erist\u00e4vin\u00e4 \u00e4\u00e4nieristysovina tai palo-ovina. <br>Jos halutaan esteet\u00f6nt\u00e4 kulkua on ovi mahdollista varustaa tammikynnyksen sijaan laskeutuvalla tiivistekynnyksell\u00e4.<br>Valikoimistamme l\u00f6ytyv\u00e4t my\u00f6s peili-, paneeli-, heiluri-, liuku- ja saunanovet.<br>Kaikki ovet valmistetaan tilauksesta asiakkaan mitoilla, halutulla v\u00e4rill\u00e4 ja pintamateriaalilla. Laaka-, \u00e4\u00e4nieristys- ja palo-ovet voidaan tehd\u00e4 maalattuna, viilutettuna tai laminaattipintaisena. Ne voidaan varustaa my\u00f6s esim. ilmanvaihtoventtiilill\u00e4.<\/p>\n","protected":false},"excerpt":{"rendered":"<p>Ulko-ovet Puuovien materiaalina k\u00e4ytet\u00e4\u00e4n valikoitua hyv\u00e4laatuista m\u00e4nty\u00e4. Saatavana my\u00f6s tammipintaiset puuovet. Yksil\u00f6llisyytt\u00e4 oviin saat erilaisilla paneelauksilla, peilirakenteilla ja lasiaukoilla. Irtoristikot ja s\u00e4lekaihtimet tuovat lasiaukolliseen oveen lis\u00e4\u00e4 ulkon\u00e4k\u00f6\u00e4. Hy\u00f6nteissuojaovet p\u00e4\u00e4st\u00e4v\u00e4t kes\u00e4n sis\u00e4lle, mutta pit\u00e4v\u00e4t p\u00f6rri\u00e4iset pihalla. Erilaiset pintak\u00e4sittelyvaihtoehdot antavat monia mahdollisuuksia kotisi k\u00e4yntikortin kaunistamiseen.&nbsp;Valikoimastamme l\u00f6ytyv\u00e4t monipuoliset parvekeovet, ulko-ovet ja palo-ovet. Kaikki ovet valmistetaan asennuskohteen ja asiakkaan &#8230; <a title=\"Ovet\" class=\"read-more\" href=\"https:\/\/phr-tuotteet.com\/index.php\/ovet\/\" aria-label=\"Lue lis\u00e4\u00e4 aiheesta Ovet\">Lue lis\u00e4\u00e4<\/a><\/p>\n","protected":false},"author":1,"featured_media":0,"parent":0,"menu_order":0,"comment_status":"closed","ping_status":"closed","template":"","meta":{"footnotes":""},"class_list":["post-26","page","type-page","status-publish"],"featured_image_src":null,"featured_image_src_square":null,"_links":{"self":[{"href":"https:\/\/phr-tuotteet.com\/index.php\/wp-json\/wp\/v2\/pages\/26","targetHints":{"allow":["GET"]}}],"collection":[{"href":"https:\/\/phr-tuotteet.com\/index.php\/wp-json\/wp\/v2\/pages"}],"about":[{"href":"https:\/\/phr-tuotteet.com\/index.php\/wp-json\/wp\/v2\/types\/page"}],"author":[{"embeddable":true,"href":"https:\/\/phr-tuotteet.com\/index.php\/wp-json\/wp\/v2\/users\/1"}],"replies":[{"embeddable":true,"href":"https:\/\/phr-tuotteet.com\/index.php\/wp-json\/wp\/v2\/comments?post=26"}],"version-history":[{"count":24,"href":"https:\/\/phr-tuotteet.com\/index.php\/wp-json\/wp\/v2\/pages\/26\/revisions"}],"predecessor-version":[{"id":754,"href":"https:\/\/phr-tuotteet.com\/index.php\/wp-json\/wp\/v2\/pages\/26\/revisions\/754"}],"wp:attachment":[{"href":"https:\/\/phr-tuotteet.com\/index.php\/wp-json\/wp\/v2\/media?parent=26"}],"curies":[{"name":"wp","href":"https:\/\/api.w.org\/{rel}","templated":true}]}}