{"id":30,"date":"2021-01-31T19:32:17","date_gmt":"2021-01-31T17:32:17","guid":{"rendered":"https:\/\/phr-tuotteet.com\/?page_id=30"},"modified":"2024-04-17T16:58:28","modified_gmt":"2024-04-17T13:58:28","slug":"muut-tuotteet-ja-palvelut","status":"publish","type":"page","link":"https:\/\/phr-tuotteet.com\/index.php\/muut-tuotteet-ja-palvelut\/","title":{"rendered":"Muut tuotteet ja palvelut"},"content":{"rendered":"\n<div class=\"wp-block-cover aligncenter has-text-color has-link-color wp-elements-60e5532abc873e1e448aa932ca7cd2ec\" style=\"color:#3fbfbf\"><span aria-hidden=\"true\" class=\"wp-block-cover__background has-background-dim-20 has-background-dim\"><\/span><img loading=\"lazy\" decoding=\"async\" width=\"2560\" height=\"1707\" class=\"wp-block-cover__image-background wp-image-332\" alt=\"\" src=\"https:\/\/phr-tuotteet.com\/wp-content\/uploads\/2021\/02\/jordan-madrid-yizY2l7PbdU-unsplash-scaled.jpg\" data-object-fit=\"cover\" srcset=\"https:\/\/phr-tuotteet.com\/wp-content\/uploads\/2021\/02\/jordan-madrid-yizY2l7PbdU-unsplash-scaled.jpg 2560w, https:\/\/phr-tuotteet.com\/wp-content\/uploads\/2021\/02\/jordan-madrid-yizY2l7PbdU-unsplash-300x200.jpg 300w, https:\/\/phr-tuotteet.com\/wp-content\/uploads\/2021\/02\/jordan-madrid-yizY2l7PbdU-unsplash-1024x683.jpg 1024w, https:\/\/phr-tuotteet.com\/wp-content\/uploads\/2021\/02\/jordan-madrid-yizY2l7PbdU-unsplash-768x512.jpg 768w, https:\/\/phr-tuotteet.com\/wp-content\/uploads\/2021\/02\/jordan-madrid-yizY2l7PbdU-unsplash-1536x1024.jpg 1536w, https:\/\/phr-tuotteet.com\/wp-content\/uploads\/2021\/02\/jordan-madrid-yizY2l7PbdU-unsplash-2048x1365.jpg 2048w, https:\/\/phr-tuotteet.com\/wp-content\/uploads\/2021\/02\/jordan-madrid-yizY2l7PbdU-unsplash-600x400.jpg 600w\" sizes=\"auto, (max-width: 2560px) 100vw, 2560px\" \/><div class=\"wp-block-cover__inner-container is-layout-flow wp-block-cover-is-layout-flow\">\n<p class=\"has-text-align-center\" style=\"font-size:60px\">Muut tuotteet ja palvelut<\/p>\n<\/div><\/div>\n\n\n\n<h2 class=\"wp-block-heading\"><strong><span style=\"text-decoration: underline;\">Muut tuotteet<\/span><\/strong><\/h2>\n\n\n\n<p>Valmistamme ja toimitamme my\u00f6s monenlaisia muita ikkunoihin ja oviin liittyvi\u00e4 tuotteita:<\/p>\n\n\n\n<p><strong>Irtoristikot<\/strong><br>Irtoristikoilla saat ilmett\u00e4 uusiin ja vanhoihinkin ikkunoihin. Ristikot my\u00f6s auttavat lintuja paremmin huomaamaan ikkunan, niin etteiv\u00e4t ne lenn\u00e4 suoraan ikkunaa p\u00e4in ja riko lasia.<\/p>\n\n\n\n<p><strong>Hy\u00f6nteispuitteet ja hy\u00f6nteissuojaovet<\/strong><br>Hy\u00f6nteispuite valmistetaan ikkunatyyppikohtaisesti ja se\u00a0on helppo asentaa perusmalliseen\u00a0ikkunaan. Puite on tukeva ja kest\u00e4v\u00e4 sek\u00e4 tyylikk\u00e4\u00e4n n\u00e4k\u00f6inen ja paikoillaan ollessaan l\u00e4hes huomaamaton. Se voidaan tarvittaessa varustaa erikoisvahvalla verkolla. Alumiinikeh\u00e4n vakiov\u00e4rein\u00e4 valkoinen RAL9010, tummanharmaa RAL7024, vaaleanharmaa RAL7040, beige RAL1001, tummanruskea RR32 ja musta RAL9005.<\/p>\n\n\n\n<p>Sivuun rullautuva hy\u00f6nteissuojaovi p\u00e4\u00e4st\u00e4\u00e4 kes\u00e4n sis\u00e4lle, mutta pit\u00e4\u00e4 p\u00f6rri\u00e4iset ulkona. Se on helppo asentaa ja kevyt k\u00e4ytt\u00e4\u00e4. Se on my\u00f6s turvallinen:&nbsp;ovi kelautuu automaattisesti sis\u00e4\u00e4n, jos verkkoon t\u00f6rm\u00e4t\u00e4\u00e4n. Ovi voidaan asentaa pintaan tai syvennykseen. Verkon v\u00e4ri on l\u00e4pin\u00e4kyvyyden vuoksi aina tummanharmaa. Vakiov\u00e4rit: valkoinen RAL9010, anodisoitu tummanruskea ja anodisoitu hopea.<\/p>\n\n\n\n<p>Pintaan asennettava sivusaranoitu hy\u00f6nteissuoja-ovi sulkeutuu automaattisesti eik\u00e4 j\u00e4t\u00e4 lent\u00e4ville tai ry\u00f6miville hy\u00f6nteisille mahdollisuuksia tulla sis\u00e4lle. Oveen voidaan asentaa my\u00f6s lemmikkiel\u00e4imet kest\u00e4v\u00e4 erikoisvahva verkko. Verkko on l\u00e4pin\u00e4kyvyyden vuoksi aina tummanharmaa. Vakiov\u00e4rit: valkoinen RAL9010, anodisoitu tummanruskea ja anodisoitu hopea.<\/p>\n\n\n\n<p><strong>S\u00e4lekaihtimet<\/strong><br>S\u00e4lekaihtimet kuuluvat moderniin ikkunaan, mutta sulautuvat sen huomaamattomaksi osaksi. S\u00e4lekaihtimien v\u00e4rimallistossa on useita eri v\u00e4ri\u00e4. Perinteinen valkoinen tai hopea on varma valinta, mutta kun halutaan sisustaa rohkeasti tai s\u00e4vy s\u00e4vyyn&nbsp;eri v\u00e4rivaihtoehdot antavat runsaasti tilaa luovuudelle. Oheisesta Solar-linkist\u00e4 p\u00e4\u00e4set tutustumaan erilaisiin s\u00e4lekaihdinten ja hy\u00f6nteispuitteiden vaihtoehtoihin.<\/p>\n\n\n\n<p><strong>Helat<\/strong><br>Kauttamme saat my\u00f6s erilaisia heloja ikkunoihin ja oviin. Lukkoja, saranoita, tuuletusikkunoiden pitk\u00e4sulkijoita, erilaisia kahvoja ym.<br>Abloyn ja Rakennushelaston sivuilta voit katsoa erilaisia malleja.<\/p>\n\n\n\n<p><strong>Vesipellit<\/strong><br>Toimitamme my\u00f6s vesipellit mittojen mukaan nopealla toimitusajalla. Vakiov\u00e4rein\u00e4 valkoinen, musta, ruskea, tiilenpunainen ja harmaa. Muut v\u00e4rit tilausmallistostamme.<\/p>\n\n\n\n<div class=\"wp-block-buttons is-content-justification-center is-layout-flex wp-container-core-buttons-is-layout-16018d1d wp-block-buttons-is-layout-flex\">\n<div class=\"wp-block-button is-style-fill\"><a class=\"wp-block-button__link has-background wp-element-button\" href=\"https:\/\/www.solar.fi\/\" style=\"background-color:#3fbfbf\" target=\"_blank\" rel=\"noreferrer noopener\">Solar<\/a><\/div>\n\n\n\n<div class=\"wp-block-button\"><a class=\"wp-block-button__link has-background wp-element-button\" href=\"https:\/\/rakennushelasto.fi\/product-category\/rakennushelat-ja-tarvikkeet-helat\/\" style=\"background-color:#3fbfbf\" target=\"_blank\" rel=\"noreferrer noopener\">Rakennushelasto<\/a><\/div>\n\n\n\n<div class=\"wp-block-button\"><a class=\"wp-block-button__link has-background wp-element-button\" href=\"https:\/\/www.abloy.com\/fi\/\" style=\"background-color:#3fbfbf\" target=\"_blank\" rel=\"noreferrer noopener\">Abloy<\/a><\/div>\n<\/div>\n\n\n\n<hr class=\"wp-block-separator has-text-color has-css-opacity has-background alignwide is-style-wide\" style=\"background-color:#3fbfbf;color:#3fbfbf\"\/>\n\n\n\n<h2 class=\"wp-block-heading\"><strong><span style=\"text-decoration: underline;\">Palvelut<\/span><\/strong><\/h2>\n\n\n\n<p><strong>Korjaus ja kunnostus<\/strong><br>Teemme erilaisia ikkunoiden ja ovien korjaus- ja kunnostust\u00f6it\u00e4<br>&nbsp; &nbsp;&nbsp;* Vaihdamme uuden lasin rikkoutuneen tilalle.<br>&nbsp; &nbsp;&nbsp;* Kunnostamme ja maalaamme vanhat puitteet.<br>&nbsp; &nbsp;&nbsp;* Lasituksessa voimme k\u00e4ytt\u00e4\u00e4 niin halutessasi pellava\u00f6ljykitti\u00e4.<br>&nbsp; &nbsp;&nbsp;* Huollamme tuuletusikkunat ja uusimme tarvittaessa niihin helat.<br>&nbsp; &nbsp;&nbsp;* Vaihdamme tiivisteet ikkunoihin ja oviin.<br>&nbsp; &nbsp;&nbsp;* Teemme my\u00f6s erilaisia pienempi\u00e4 huoltot\u00f6it\u00e4 esim. k\u00e4ymme tarvittaessa rasvaamassa lukot ja saranat.<\/p>\n\n\n\n<p><strong>Asennus<\/strong><br>Asennamme tarvittaessa kaikki toimittamamme tuotteet. Asennus onnistuu kaikkina vuodenaikoina. Oikea asennus takaa ikkunoiden ja ovien toimivuuden. Ammattitaitoinen asennusty\u00f6 sujuu nopeasti.<\/p>\n\n\n\n<p><strong>Mittauspalvelu<\/strong><br>Tulemme paikan p\u00e4\u00e4lle mittaamaan ja auttamaan oikean mallisten ja oikeankokoisten ikkunoiden ja ovien valinnassa. Kerromme erilaisten pintak\u00e4sittelyjen ja muiden yksityiskohtien mahdollisuuksista juuri sinun kohteessasi.<\/p>\n\n\n\n<p>Mittauspalvelumme ja tarjouslaskenta on ilmainen.<\/p>\n\n\n\n<hr class=\"wp-block-separator has-text-color has-css-opacity has-background alignwide is-style-wide\" style=\"background-color:#3fbfbf;color:#3fbfbf\"\/>\n\n\n\n<h2 class=\"wp-block-heading\"><br>\u200b<strong><span style=\"text-decoration: underline;\">Liukulasitukset<\/span><\/strong><\/h2>\n\n\n\n<p>Lukkan liukulasit on suunniteltu kevyeen rakentamiseen. Liukulaseilla voit pit\u00e4\u00e4 terassisi puhtaana p\u00f6lylt\u00e4 ja sateelta. Liukulasit sopivat niin rivi- kuin omakotitaloihin, kuin my\u00f6s uudis- ja korjausrakentamiseen. Liukulasitukset ei v\u00e4\u00e4ntyile, vingu, tai j\u00e4m\u00e4hd\u00e4 kiinni. Tuote toimii vuosikymmeni\u00e4 huoltovapaana&nbsp;tuotteena. Liukulasitukset on saatavissa my\u00f6s hyttysverkolla varustettuna.<\/p>\n\n\n\n<p>Liukulasituksien avulla voidaan muodostaa tiivis sein\u00e4, joka saadaan avattua. Liukulasitukset liukuvat liukukiskojen v\u00e4liss\u00e4 sivuttaissuunnassa, ja ne liukuvat yhteen tiiviiseen nippuun. Liukulasiprofiileissa k\u00e4ytet\u00e4\u00e4n pystyprofiilien hakaustekniikkaa, jolla saavutetaan paras mahdollinen tiiviys tuulta, sadetta ja ep\u00e4puhtauksia kohtaan. Erityist\u00e4 huomiota liukulasituksia suunniteltaessa kiinnitet\u00e4\u00e4n toimintavarmuuteen sek\u00e4 kes\u00e4- ett\u00e4 talviolosuhteissa. Suomessa l\u00e4mp\u00f6tilaerot ja alumiinin l\u00e4mp\u00f6laajeneminen voi olla eritt\u00e4in suurta, joka t\u00e4ytyy huomioida tarkasti suunniteltaessa toimintavarmoja tuotekokonaisuuksia. Pystypuitteellinen liukulasitus antaa erinomaisen suojan s\u00e4\u00e4olosuhteita ja melua vastaan. Liukulasitukset ovat saatavilla 4mm tai 6mm paksuisella lasilla, ja ne soveltuvat erinomaisesti erist\u00e4m\u00e4tt\u00f6miin tiloihin.<\/p>\n\n\n\n<p><strong>Lukkan termo \u2013 liukulasitus puolil\u00e4mpimiin tiloihin<\/strong><br>Lukkan Termo -liukulasi on varustettu eristyslasilla. Tyypillisimpi\u00e4 k\u00e4ytt\u00f6kohteita j\u00e4rjestelm\u00e4lle ovat terassit, viherhuoneet ja puolil\u00e4mp\u00f6iset tilat. Termo-liukuprofiilit ovat 2- tai 3-raiteisia. Termo liukulasituksella saadaan my\u00f6s ulkotilan ja l\u00e4mp\u00f6isen sis\u00e4tilan aiheuttama lasien huuruuntuminen hallittua. Termo -liukulasitus pident\u00e4\u00e4 terassien k\u00e4ytt\u00f6aikaa eri vuodenaikoina.<\/p>\n\n\n\n<p><strong>Liukulasi ja&nbsp; lukitusmahdollisuudet<\/strong><br>Liukulasituksien lukitukseen on saatavilla eri vaihtoehtoja. Vetonupilla lasitus saadaan nopeasti lukittua sis\u00e4puolelta. Ovisalvalla on mahdollista pit\u00e4\u00e4 kulkemiseen tarkoitettu liukulasi kokonaan auki ja se voidaan my\u00f6s lukita sis\u00e4puolelta k\u00e4sin. Lukkan sis\u00e4puolisella lukituksella liukulasitukset saadaan tarvittaessa molemmista p\u00e4ist\u00e4 lukittua helposti ja nopeasti. Lukkan sis\u00e4puolinen lukitus soveltuu erinomaisesti niin t\u00e4yskorkeisiin liukulasituksiin kuin my\u00f6s mataliin kaiteiden tai tasojen p\u00e4\u00e4lle asennettaviin lasituksiin. Liukulasituksemme voidaan varustaa my\u00f6s edullisella Abloy lukolla, joka voidaan tarvittaessa sarjoittaa. Abloy lukitus sis\u00e4lt\u00e4\u00e4 automaattisesti Lukkan sis\u00e4puolisen lukituksen.<\/p>\n\n\n\n<figure class=\"wp-block-gallery has-nested-images columns-default is-cropped wp-block-gallery-1 is-layout-flex wp-block-gallery-is-layout-flex\">\n<figure class=\"wp-block-image size-large\"><img loading=\"lazy\" decoding=\"async\" width=\"1024\" height=\"768\" data-id=\"531\" src=\"https:\/\/phr-tuotteet.com\/wp-content\/uploads\/2021\/02\/Lukkan-liukulaseilla-tehty-terassi-1024x768.jpg\" alt=\"\" class=\"wp-image-531\" srcset=\"https:\/\/phr-tuotteet.com\/wp-content\/uploads\/2021\/02\/Lukkan-liukulaseilla-tehty-terassi-1024x768.jpg 1024w, https:\/\/phr-tuotteet.com\/wp-content\/uploads\/2021\/02\/Lukkan-liukulaseilla-tehty-terassi-300x225.jpg 300w, https:\/\/phr-tuotteet.com\/wp-content\/uploads\/2021\/02\/Lukkan-liukulaseilla-tehty-terassi-768x576.jpg 768w, https:\/\/phr-tuotteet.com\/wp-content\/uploads\/2021\/02\/Lukkan-liukulaseilla-tehty-terassi.jpg 1123w\" sizes=\"auto, (max-width: 1024px) 100vw, 1024px\" \/><\/figure>\n\n\n\n<figure class=\"wp-block-image size-large\"><img loading=\"lazy\" decoding=\"async\" width=\"1024\" height=\"768\" data-id=\"530\" src=\"https:\/\/phr-tuotteet.com\/wp-content\/uploads\/2021\/02\/Liukulasit-1024x768.jpg\" alt=\"\" class=\"wp-image-530\" srcset=\"https:\/\/phr-tuotteet.com\/wp-content\/uploads\/2021\/02\/Liukulasit-1024x768.jpg 1024w, https:\/\/phr-tuotteet.com\/wp-content\/uploads\/2021\/02\/Liukulasit-300x225.jpg 300w, https:\/\/phr-tuotteet.com\/wp-content\/uploads\/2021\/02\/Liukulasit-768x576.jpg 768w, https:\/\/phr-tuotteet.com\/wp-content\/uploads\/2021\/02\/Liukulasit.jpg 1123w\" sizes=\"auto, (max-width: 1024px) 100vw, 1024px\" \/><\/figure>\n<\/figure>\n\n\n\n<div class=\"wp-block-buttons is-content-justification-center is-layout-flex wp-container-core-buttons-is-layout-16018d1d wp-block-buttons-is-layout-flex\">\n<div class=\"wp-block-button\"><a class=\"wp-block-button__link has-background wp-element-button\" href=\"https:\/\/lukkan.fi\/\" style=\"background-color:#3fbfbf\" target=\"_blank\" rel=\"noreferrer noopener\">Lukkan<\/a><\/div>\n<\/div>\n","protected":false},"excerpt":{"rendered":"<p>Muut tuotteet Valmistamme ja toimitamme my\u00f6s monenlaisia muita ikkunoihin ja oviin liittyvi\u00e4 tuotteita: IrtoristikotIrtoristikoilla saat ilmett\u00e4 uusiin ja vanhoihinkin ikkunoihin. Ristikot my\u00f6s auttavat lintuja paremmin huomaamaan ikkunan, niin etteiv\u00e4t ne lenn\u00e4 suoraan ikkunaa p\u00e4in ja riko lasia. Hy\u00f6nteispuitteet ja hy\u00f6nteissuojaovetHy\u00f6nteispuite valmistetaan ikkunatyyppikohtaisesti ja se\u00a0on helppo asentaa perusmalliseen\u00a0ikkunaan. Puite on tukeva ja kest\u00e4v\u00e4 sek\u00e4 tyylikk\u00e4\u00e4n n\u00e4k\u00f6inen &#8230; <a title=\"Muut tuotteet ja palvelut\" class=\"read-more\" href=\"https:\/\/phr-tuotteet.com\/index.php\/muut-tuotteet-ja-palvelut\/\" aria-label=\"Lue lis\u00e4\u00e4 aiheesta Muut tuotteet ja palvelut\">Lue lis\u00e4\u00e4<\/a><\/p>\n","protected":false},"author":1,"featured_media":0,"parent":0,"menu_order":0,"comment_status":"closed","ping_status":"closed","template":"","meta":{"footnotes":""},"class_list":["post-30","page","type-page","status-publish"],"featured_image_src":null,"featured_image_src_square":null,"_links":{"self":[{"href":"https:\/\/phr-tuotteet.com\/index.php\/wp-json\/wp\/v2\/pages\/30","targetHints":{"allow":["GET"]}}],"collection":[{"href":"https:\/\/phr-tuotteet.com\/index.php\/wp-json\/wp\/v2\/pages"}],"about":[{"href":"https:\/\/phr-tuotteet.com\/index.php\/wp-json\/wp\/v2\/types\/page"}],"author":[{"embeddable":true,"href":"https:\/\/phr-tuotteet.com\/index.php\/wp-json\/wp\/v2\/users\/1"}],"replies":[{"embeddable":true,"href":"https:\/\/phr-tuotteet.com\/index.php\/wp-json\/wp\/v2\/comments?post=30"}],"version-history":[{"count":11,"href":"https:\/\/phr-tuotteet.com\/index.php\/wp-json\/wp\/v2\/pages\/30\/revisions"}],"predecessor-version":[{"id":741,"href":"https:\/\/phr-tuotteet.com\/index.php\/wp-json\/wp\/v2\/pages\/30\/revisions\/741"}],"wp:attachment":[{"href":"https:\/\/phr-tuotteet.com\/index.php\/wp-json\/wp\/v2\/media?parent=30"}],"curies":[{"name":"wp","href":"https:\/\/api.w.org\/{rel}","templated":true}]}}